{"id":794,"date":"2022-06-23T15:28:57","date_gmt":"2022-06-23T13:28:57","guid":{"rendered":"https:\/\/www.teppichreinigung-tonollo.de\/?page_id=794"},"modified":"2026-04-14T15:28:11","modified_gmt":"2026-04-14T13:28:11","slug":"tipps-videos","status":"publish","type":"page","link":"https:\/\/www.teppichreinigung-tonollo.de\/en\/tipps-videos\/","title":{"rendered":"Tipps &#038; Videos"},"content":{"rendered":"\n<h1 class=\"wp-block-heading has-vivid-red-color has-text-color has-link-color wp-elements-d6d738387099a931e463279dcfe8ffc6\">Tipps und Tricks rund um die Themen Teppich und Polsterreinigung<\/h1>\n\n\n\n<h2 class=\"wp-block-heading has-black-color has-text-color has-link-color has-medium-font-size\" style=\"margin-top: 20px;margin-bottom:10px;text-transform:uppercase\"><strong>Vorbereitung zu unserem Waschtag<\/strong><\/h2>\n\n\n\n<p>Wir reinigen Teppiche, Teppichb\u00f6den und Polsterm\u00f6bel. <br>Auch Reparaturen sind f\u00fcr uns kein Problem.<\/p>\n\n\n\n<figure class=\"wp-block-video\"><video controls src=\"https:\/\/www.teppichreinigung-tonollo.de\/wp-content\/uploads\/2024\/11\/Video-Voller-Waschraum.mp4\"><\/video><\/figure>\n\n\n\n<div style=\"height:57px\" aria-hidden=\"true\" class=\"wp-block-spacer\"><\/div>\n\n\n\n<div class=\"wp-block-columns is-layout-flex wp-container-core-columns-is-layout-9d6595d7 wp-block-columns-is-layout-flex\">\n<div class=\"wp-block-column is-layout-flow wp-block-column-is-layout-flow\">\n<h3 class=\"wp-block-heading has-black-color has-text-color has-link-color wp-elements-21d4760810b70c48b2d8a92d1e49bcb5\" style=\"text-transform:uppercase\"><strong>Wachsflecken entfernen, Video Tipp!<\/strong><\/h3>\n\n\n\n<p>Wachsflecken entfernen ohne gro\u00dfen Aufwand.<\/p>\n\n\n\n<figure class=\"wp-block-embed is-type-video is-provider-youtube wp-block-embed-youtube wp-embed-aspect-4-3 wp-has-aspect-ratio\"><div class=\"wp-block-embed__wrapper\">\n<iframe title=\"Teppichreinigung \/ Wachsflecken entfernen \/ Tipp!\" width=\"1200\" height=\"900\" src=\"https:\/\/www.youtube.com\/embed\/mGRqEyAwGFM?feature=oembed&#038;enablejsapi=1&#038;origin=https:\/\/www.teppichreinigung-tonollo.de\" frameborder=\"0\" allow=\"accelerometer; autoplay; clipboard-write; encrypted-media; gyroscope; picture-in-picture; web-share\" referrerpolicy=\"strict-origin-when-cross-origin\" allowfullscreen><\/iframe>\n<\/div><\/figure>\n<\/div>\n\n\n\n<div class=\"wp-block-column is-layout-flow wp-block-column-is-layout-flow\">\n<h3 class=\"wp-block-heading has-black-color has-text-color has-link-color wp-elements-df4696c99c76f887f2396bd2fdf381fb\" style=\"text-transform:uppercase\"><strong>Reinigung von Polsterm\u00f6beln Video<\/strong><\/h3>\n\n\n\n<p>Egal ob Leder oder Stoff, wir nehmen es mit allem auf ?<\/p>\n\n\n\n<figure class=\"wp-block-embed is-type-video is-provider-youtube wp-block-embed-youtube wp-embed-aspect-4-3 wp-has-aspect-ratio\"><div class=\"wp-block-embed__wrapper\">\n<iframe title=\"Teppich und Couchreinigung\" width=\"1200\" height=\"900\" src=\"https:\/\/www.youtube.com\/embed\/xiWBrNZrid0?feature=oembed&#038;enablejsapi=1&#038;origin=https:\/\/www.teppichreinigung-tonollo.de\" frameborder=\"0\" allow=\"accelerometer; autoplay; clipboard-write; encrypted-media; gyroscope; picture-in-picture; web-share\" referrerpolicy=\"strict-origin-when-cross-origin\" allowfullscreen><\/iframe>\n<\/div><\/figure>\n<\/div>\n<\/div>\n","protected":false},"excerpt":{"rendered":"<p>Tipps und Tricks rund um die Themen Teppich und Polsterreinigung Vorbereitung zu unserem Waschtag Wir reinigen Teppiche, Teppichb\u00f6den und Polsterm\u00f6bel. Auch Reparaturen sind f\u00fcr uns kein [&hellip;]<\/p>\n","protected":false},"author":1,"featured_media":0,"parent":0,"menu_order":0,"comment_status":"closed","ping_status":"closed","template":"","meta":{"footnotes":""},"class_list":["post-794","page","type-page","status-publish","hentry"],"yoast_head":"<!-- This site is optimized with the Yoast SEO plugin v27.4 - https:\/\/yoast.com\/product\/yoast-seo-wordpress\/ -->\n<title>Tipps &amp; Videos | Teppichreinigung Tonollo<\/title>\n<meta name=\"description\" content=\"Tipps &amp; Tricks rund um die Themen Teppichreinigung &amp; Polsterreinigung - Ihr Fachbetrieb f\u00fcr professionelle Teppichreinigung\" \/>\n<meta name=\"robots\" content=\"index, follow, max-snippet:-1, max-image-preview:large, max-video-preview:-1\" \/>\n<link rel=\"canonical\" href=\"https:\/\/www.teppichreinigung-tonollo.de\/tipps-videos\/\" \/>\n<meta property=\"og:locale\" content=\"en_US\" \/>\n<meta property=\"og:type\" content=\"article\" \/>\n<meta property=\"og:title\" content=\"Tipps &amp; Videos | Teppichreinigung Tonollo\" \/>\n<meta property=\"og:description\" content=\"Tipps &amp; Tricks rund um die Themen Teppichreinigung &amp; Polsterreinigung - Ihr Fachbetrieb f\u00fcr professionelle Teppichreinigung\" \/>\n<meta property=\"og:url\" content=\"https:\/\/www.teppichreinigung-tonollo.de\/tipps-videos\/\" \/>\n<meta property=\"og:site_name\" content=\"Tonollo &quot;Die Teppichreinigung&quot;\" \/>\n<meta property=\"article:modified_time\" content=\"2026-04-14T13:28:11+00:00\" \/>\n<meta name=\"twitter:card\" content=\"summary_large_image\" \/>\n<meta name=\"twitter:label1\" content=\"Est. reading time\" \/>\n\t<meta name=\"twitter:data1\" content=\"1 minute\" \/>\n<script type=\"application\/ld+json\" class=\"yoast-schema-graph\">{\"@context\":\"https:\\\/\\\/schema.org\",\"@graph\":[{\"@type\":\"WebPage\",\"@id\":\"https:\\\/\\\/www.teppichreinigung-tonollo.de\\\/tipps-videos\\\/\",\"url\":\"https:\\\/\\\/www.teppichreinigung-tonollo.de\\\/tipps-videos\\\/\",\"name\":\"Tipps & Videos | Teppichreinigung Tonollo\",\"isPartOf\":{\"@id\":\"https:\\\/\\\/www.teppichreinigung-tonollo.de\\\/#website\"},\"datePublished\":\"2022-06-23T13:28:57+00:00\",\"dateModified\":\"2026-04-14T13:28:11+00:00\",\"description\":\"Tipps & Tricks rund um die Themen Teppichreinigung & Polsterreinigung - Ihr Fachbetrieb f\u00fcr professionelle Teppichreinigung\",\"breadcrumb\":{\"@id\":\"https:\\\/\\\/www.teppichreinigung-tonollo.de\\\/tipps-videos\\\/#breadcrumb\"},\"inLanguage\":\"en-US\",\"potentialAction\":[{\"@type\":\"ReadAction\",\"target\":[\"https:\\\/\\\/www.teppichreinigung-tonollo.de\\\/tipps-videos\\\/\"]}]},{\"@type\":\"BreadcrumbList\",\"@id\":\"https:\\\/\\\/www.teppichreinigung-tonollo.de\\\/tipps-videos\\\/#breadcrumb\",\"itemListElement\":[{\"@type\":\"ListItem\",\"position\":1,\"name\":\"Startseite\",\"item\":\"https:\\\/\\\/www.teppichreinigung-tonollo.de\\\/\"},{\"@type\":\"ListItem\",\"position\":2,\"name\":\"Tipps &#038; Videos\"}]},{\"@type\":\"WebSite\",\"@id\":\"https:\\\/\\\/www.teppichreinigung-tonollo.de\\\/#website\",\"url\":\"https:\\\/\\\/www.teppichreinigung-tonollo.de\\\/\",\"name\":\"Tonollo &quot;Die Teppichreinigung&quot;\",\"description\":\"Genie\u00dfen SIe Ihr Zuhause - hygienisch, frisch und sauber.\",\"potentialAction\":[{\"@type\":\"SearchAction\",\"target\":{\"@type\":\"EntryPoint\",\"urlTemplate\":\"https:\\\/\\\/www.teppichreinigung-tonollo.de\\\/?s={search_term_string}\"},\"query-input\":{\"@type\":\"PropertyValueSpecification\",\"valueRequired\":true,\"valueName\":\"search_term_string\"}}],\"inLanguage\":\"en-US\"}]}<\/script>\n<!-- \/ Yoast SEO plugin. -->","yoast_head_json":{"title":"Tipps & Videos | Teppichreinigung Tonollo","description":"Tipps & Tricks rund um die Themen Teppichreinigung & Polsterreinigung - Ihr Fachbetrieb f\u00fcr professionelle Teppichreinigung","robots":{"index":"index","follow":"follow","max-snippet":"max-snippet:-1","max-image-preview":"max-image-preview:large","max-video-preview":"max-video-preview:-1"},"canonical":"https:\/\/www.teppichreinigung-tonollo.de\/tipps-videos\/","og_locale":"en_US","og_type":"article","og_title":"Tipps & Videos | Teppichreinigung Tonollo","og_description":"Tipps & Tricks rund um die Themen Teppichreinigung & Polsterreinigung - Ihr Fachbetrieb f\u00fcr professionelle Teppichreinigung","og_url":"https:\/\/www.teppichreinigung-tonollo.de\/tipps-videos\/","og_site_name":"Tonollo &quot;Die Teppichreinigung&quot;","article_modified_time":"2026-04-14T13:28:11+00:00","twitter_card":"summary_large_image","twitter_misc":{"Est. reading time":"1 minute"},"schema":{"@context":"https:\/\/schema.org","@graph":[{"@type":"WebPage","@id":"https:\/\/www.teppichreinigung-tonollo.de\/tipps-videos\/","url":"https:\/\/www.teppichreinigung-tonollo.de\/tipps-videos\/","name":"Tipps & Videos | Teppichreinigung Tonollo","isPartOf":{"@id":"https:\/\/www.teppichreinigung-tonollo.de\/#website"},"datePublished":"2022-06-23T13:28:57+00:00","dateModified":"2026-04-14T13:28:11+00:00","description":"Tipps & Tricks rund um die Themen Teppichreinigung & Polsterreinigung - Ihr Fachbetrieb f\u00fcr professionelle Teppichreinigung","breadcrumb":{"@id":"https:\/\/www.teppichreinigung-tonollo.de\/tipps-videos\/#breadcrumb"},"inLanguage":"en-US","potentialAction":[{"@type":"ReadAction","target":["https:\/\/www.teppichreinigung-tonollo.de\/tipps-videos\/"]}]},{"@type":"BreadcrumbList","@id":"https:\/\/www.teppichreinigung-tonollo.de\/tipps-videos\/#breadcrumb","itemListElement":[{"@type":"ListItem","position":1,"name":"Startseite","item":"https:\/\/www.teppichreinigung-tonollo.de\/"},{"@type":"ListItem","position":2,"name":"Tipps &#038; Videos"}]},{"@type":"WebSite","@id":"https:\/\/www.teppichreinigung-tonollo.de\/#website","url":"https:\/\/www.teppichreinigung-tonollo.de\/","name":"Tonollo &quot;Die Teppichreinigung&quot;","description":"Genie\u00dfen SIe Ihr Zuhause - hygienisch, frisch und sauber.","potentialAction":[{"@type":"SearchAction","target":{"@type":"EntryPoint","urlTemplate":"https:\/\/www.teppichreinigung-tonollo.de\/?s={search_term_string}"},"query-input":{"@type":"PropertyValueSpecification","valueRequired":true,"valueName":"search_term_string"}}],"inLanguage":"en-US"}]}},"_links":{"self":[{"href":"https:\/\/www.teppichreinigung-tonollo.de\/en\/wp-json\/wp\/v2\/pages\/794","targetHints":{"allow":["GET"]}}],"collection":[{"href":"https:\/\/www.teppichreinigung-tonollo.de\/en\/wp-json\/wp\/v2\/pages"}],"about":[{"href":"https:\/\/www.teppichreinigung-tonollo.de\/en\/wp-json\/wp\/v2\/types\/page"}],"author":[{"embeddable":true,"href":"https:\/\/www.teppichreinigung-tonollo.de\/en\/wp-json\/wp\/v2\/users\/1"}],"replies":[{"embeddable":true,"href":"https:\/\/www.teppichreinigung-tonollo.de\/en\/wp-json\/wp\/v2\/comments?post=794"}],"version-history":[{"count":0,"href":"https:\/\/www.teppichreinigung-tonollo.de\/en\/wp-json\/wp\/v2\/pages\/794\/revisions"}],"wp:attachment":[{"href":"https:\/\/www.teppichreinigung-tonollo.de\/en\/wp-json\/wp\/v2\/media?parent=794"}],"curies":[{"name":"wp","href":"https:\/\/api.w.org\/{rel}","templated":true}]}}